{"id":42,"date":"2025-06-08T20:38:32","date_gmt":"2025-06-09T01:38:32","guid":{"rendered":"https:\/\/crear.tienda\/?page_id=42"},"modified":"2025-11-26T21:33:15","modified_gmt":"2025-11-27T02:33:15","slug":"en-construccion","status":"publish","type":"page","link":"https:\/\/crear.tienda\/","title":{"rendered":"En Construcci\u00f3n"},"content":{"rendered":"\t\t<div data-elementor-type=\"wp-page\" data-elementor-id=\"42\" class=\"elementor elementor-42\">\n\t\t\t\t<div class=\"elementor-element elementor-element-fc8e45d e-flex e-con-boxed e-con e-parent\" data-id=\"fc8e45d\" data-element_type=\"container\" data-e-type=\"container\">\n\t\t\t\t\t<div class=\"e-con-inner\">\n\t\t\t\t<div class=\"elementor-element elementor-element-7ca02d9 elementor-widget elementor-widget-html\" data-id=\"7ca02d9\" data-element_type=\"widget\" data-e-type=\"widget\" data-widget_type=\"html.default\">\n\t\t\t\t<div class=\"elementor-widget-container\">\n\t\t\t\t\t<!-- Carga de estilos y fuentes externas -->\r\n<link rel=\"stylesheet\" href=\"https:\/\/cdnjs.cloudflare.com\/ajax\/libs\/font-awesome\/6.5.2\/css\/all.min.css\" xintegrity=\"sha512-SnH5WK+bZxgPHs44uWIX+LLJAJ9\/2PkPKZ5QiAj6Ta86w+fsb2TkcmfRyVX3pBnMFcV7oQPJkl9QevSCWr3W6A==\" crossorigin=\"anonymous\" referrerpolicy=\"no-referrer\" \/>\r\n<script src=\"https:\/\/cdn.tailwindcss.com\"><\/script>\r\n<link rel=\"preconnect\" href=\"https:\/\/fonts.googleapis.com\">\r\n<link rel=\"preconnect\" href=\"https:\/\/fonts.gstatic.com\" crossorigin>\r\n<link href=\"https:\/\/fonts.googleapis.com\/css2?family=Inter:wght@400;500;700&display=swap\" rel=\"stylesheet\">\r\n\r\n<!-- META ETIQUETAS PARA COMPARTIR EN REDES SOCIALES -->\r\n<meta property=\"og:title\" content=\"Crear.tienda - La plataforma para tu E-commerce\" \/>\r\n<meta property=\"og:description\" content=\"Construye, vende y crece. Sin complicaciones. Reg\u00edstrate para obtener acceso anticipado y beneficios exclusivos.\" \/>\r\n<meta property=\"og:image\" content=\"https:\/\/placehold.co\/1200x630\/1A1A2E\/FFFFFF?text=crear.tienda\" \/>\r\n<meta property=\"og:url\" content=\"https:\/\/www.crear.tienda\/\" \/>\r\n<meta property=\"og:type\" content=\"website\" \/>\r\n\r\n<!-- Estilos internos -->\r\n<style>\r\n  \/* FIX: Anula el margen de la barra de admin de WordPress *\/\r\n  html { margin-top: 0 !important; }\r\n\r\n  \/* Contenedor principal y fondo *\/\r\n  .saas-wrapper {\r\n    position: fixed;\r\n    top: 0; left: 0;\r\n    height: 100%; width: 100%;\r\n    z-index: 9999;\r\n    display: flex;\r\n    flex-direction: column;\r\n    background-color: #1a1a2e; \/* Fondo oscuro azulado\/p\u00farpura *\/\r\n    color: white;\r\n    font-family: 'Inter', sans-serif;\r\n  }\r\n  #background-canvas {\r\n    position: absolute;\r\n    top: 0; left: 0;\r\n    width: 100%; height: 100%;\r\n    z-index: 0;\r\n  }\r\n  .saas-content {\r\n    position: relative;\r\n    z-index: 1;\r\n    flex-grow: 1;\r\n    display: flex;\r\n    align-items: center;\r\n    justify-content: center;\r\n    overflow-y: auto;\r\n    padding: 2rem;\r\n  }\r\n\r\n  \/* Tarjeta con efecto \"Glassmorphism\" *\/\r\n  .content-card {\r\n    background: rgba(255, 255, 255, 0.05);\r\n    backdrop-filter: blur(12px);\r\n    -webkit-backdrop-filter: blur(12px);\r\n    border: 1px solid rgba(255, 255, 255, 0.1);\r\n    border-radius: 1rem;\r\n    padding: 2.5rem;\r\n    text-align: center;\r\n    max-width: 600px;\r\n    width: 100%;\r\n  }\r\n\r\n  \/* Estilos del formulario *\/\r\n  .subscribe-form input {\r\n    background-color: rgba(0, 0, 0, 0.3);\r\n    border: 1px solid rgba(255, 255, 255, 0.2);\r\n    color: white;\r\n  }\r\n  .subscribe-form input::placeholder { color: rgba(255, 255, 255, 0.6); opacity: 1; }\r\n  .subscribe-form input:focus {\r\n    outline: none;\r\n    border-color: #9333ea; \/* P\u00farpura *\/\r\n    box-shadow: 0 0 0 2px rgba(147, 51, 234, 0.5);\r\n  }\r\n  .submit-button {\r\n    background-color: #9333ea; \/* P\u00farpura *\/\r\n    color: white;\r\n    font-weight: bold;\r\n  }\r\n  .submit-button:hover {\r\n    background-color: #a855f7; \/* P\u00farpura m\u00e1s claro *\/\r\n  }\r\n\r\n  \/* Estilos del Modal *\/\r\n  .modal-overlay {\r\n    position: fixed; top: 0; left: 0; width: 100%; height: 100%;\r\n    background-color: rgba(0, 0, 0, 0.7); display: flex;\r\n    align-items: center; justify-content: center; z-index: 10000;\r\n  }\r\n  .modal-content {\r\n    background-color: white; color: #333; padding: 2.5rem;\r\n    border-radius: 0.5rem; text-align: center; max-width: 90%;\r\n    width: 400px; position: relative;\r\n  }\r\n  .modal-close-button {\r\n    position: absolute; top: 10px; right: 15px; font-size: 1.8rem;\r\n    color: #999; cursor: pointer; border: none; background: none;\r\n  }\r\n<\/style>\r\n\r\n<!-- Contenedor principal que envuelve toda la p\u00e1gina -->\r\n<div class=\"saas-wrapper\">\r\n\r\n  <!-- Canvas para el fondo animado -->\r\n  <canvas id=\"background-canvas\"><\/canvas>\r\n\r\n  <!-- Contenido Principal -->\r\n  <main class=\"saas-content\">\r\n    <div class=\"content-card\">\r\n        <div class=\"mb-6\">\r\n            <i class=\"fa-solid fa-bag-shopping text-6xl text-cyan-400\"><\/i>\r\n        <\/div>\r\n        <h1 class=\"text-4xl md:text-5xl font-bold mb-4 text-white leading-tight\">La plataforma para crear tu tienda online est\u00e1 llegando<\/h1>\r\n        <p class=\"text-lg text-gray-300 mb-8\">\r\n            Construye, vende y crece. Sin complicaciones.\r\n        <\/p>\r\n\r\n        <!-- Formulario de Suscripci\u00f3n -->\r\n        <div class=\"w-full mb-6\">\r\n            <h2 class=\"text-xl font-semibold mb-4 text-white\">Recibe acceso anticipado y beneficios exclusivos<\/h2>\r\n            <form id=\"subscribe-form\" action=\"https:\/\/todorock.us5.list-manage.com\/subscribe\/post?u=ec00a55370474df6b89c124ed&amp;id=3154d4c463&amp;f_id=00fbbeedf0\" method=\"POST\" class=\"subscribe-form max-w-md mx-auto flex flex-col gap-3\">\r\n                <input type=\"text\" name=\"FNAME\" placeholder=\"Tu nombre\" required class=\"flex-grow px-4 py-3 rounded-md w-full transition-all\">\r\n                <input type=\"email\" name=\"EMAIL\" placeholder=\"Tu e-mail\" required class=\"flex-grow px-4 py-3 rounded-md w-full transition-all\">\r\n                <button type=\"submit\" class=\"submit-button py-3 px-6 rounded-md transition-colors w-full\">Solicitar Acceso<\/button>\r\n            <\/form>\r\n        <\/div>\r\n        \r\n        <p class=\"text-xs text-gray-400\">\r\n          \u00danete a nuestra lista de espera. Te notificaremos en cuanto estemos listos.\r\n        <\/p>\r\n    <\/div>\r\n  <\/main>\r\n\r\n  <!-- Footer Responsive Centrado -->\r\n  <footer class=\"w-full relative z-10\" style=\"background-color: rgba(26, 26, 46, 0.5);\">\r\n      <div class=\"max-w-7xl mx-auto py-4 px-4 sm:px-6 lg:px-8\">\r\n          <div class=\"flex flex-col sm:flex-row justify-center items-center text-center gap-y-4 sm:gap-x-4 text-sm text-gray-400\">\r\n              <p>Dise\u00f1ado por <a href=\"\" target=\"_blank\" rel=\"noopener noreferrer\" class=\"font-semibold text-gray-300 hover:text-cyan-400 transition-colors\">Agencia E-commerce<\/a><\/p>\r\n              <span class=\"hidden sm:inline\">|<\/span>\r\n              <a href=\"https:\/\/purificadoresdeagua.online\/\" target=\"_blank\" rel=\"noopener noreferrer\" class=\"font-semibold text-gray-300 hover:text-cyan-400 transition-colors\">Purificadores de Agua<\/a>\r\n              <span class=\"hidden sm:inline\">|<\/span>\r\n              <!-- Bot\u00f3n de Facebook actualizado -->\r\n              <a href=\"https:\/\/www.facebook.com\/CrearTienda\" target=\"_blank\" rel=\"noopener noreferrer\" class=\"inline-flex items-center gap-2 px-3 py-1 text-white font-semibold rounded-md transition-all duration-300 bg-gradient-to-r from-blue-500 to-blue-600 hover:from-blue-600 hover:to-blue-700 hover:scale-105 shadow-lg hover:shadow-xl\">\r\n                  <span>S\u00edguenos<\/span>\r\n                  <i class=\"fa-brands fa-facebook-f\"><\/i>\r\n              <\/a>\r\n          <\/div>\r\n      <\/div>\r\n  <\/footer>\r\n<\/div>\r\n\r\n<!-- Estructura del Modal (inicialmente oculto) -->\r\n<div id=\"confirmation-modal\" class=\"modal-overlay\" style=\"display: none;\">\r\n  <div class=\"modal-content\">\r\n    <button id=\"modal-close-button\" class=\"modal-close-button\">&times;<\/button>\r\n    <div class=\"mb-4\"><i class=\"fa-solid fa-circle-check text-5xl text-green-500\"><\/i><\/div>\r\n    <h2 class=\"text-2xl font-bold mb-2\">\u00a1Est\u00e1s en la lista!<\/h2>\r\n    <p class=\"text-gray-600\">Gracias por tu inter\u00e9s. Te contactaremos muy pronto con noticias y tu acceso anticipado.<\/p>\r\n  <\/div>\r\n<\/div>\r\n\r\n<!-- Scripts -->\r\n<script>\r\n  \/\/ --- Script para el fondo animado de part\u00edculas ---\r\n  const canvas = document.getElementById('background-canvas');\r\n  const ctx = canvas.getContext('2d');\r\n  canvas.width = window.innerWidth;\r\n  canvas.height = window.innerHeight;\r\n\r\n  let particlesArray;\r\n\r\n  const mouse = { x: null, y: null, radius: (canvas.height \/ 120) * (canvas.width \/ 120) };\r\n\r\n  window.addEventListener('mousemove', (event) => {\r\n    mouse.x = event.x;\r\n    mouse.y = event.y;\r\n  });\r\n\r\n  class Particle {\r\n    constructor(x, y, directionX, directionY, size, color) {\r\n      this.x = x; this.y = y; this.directionX = directionX;\r\n      this.directionY = directionY; this.size = size; this.color = color;\r\n    }\r\n    draw() {\r\n      ctx.beginPath(); ctx.arc(this.x, this.y, this.size, 0, Math.PI * 2, false);\r\n      ctx.fillStyle = 'rgba(120, 210, 255, 0.5)'; ctx.fill();\r\n    }\r\n    update() {\r\n      if (this.x > canvas.width || this.x < 0) this.directionX = -this.directionX;\r\n      if (this.y > canvas.height || this.y < 0) this.directionY = -this.directionY;\r\n      let dx = mouse.x - this.x; let dy = mouse.y - this.y;\r\n      let distance = Math.sqrt(dx * dx + dy * dy);\r\n      if (distance < mouse.radius + this.size) {\r\n        if (mouse.x < this.x && this.x < canvas.width - this.size * 10) this.x += 5;\r\n        if (mouse.x > this.x && this.x > this.size * 10) this.x -= 5;\r\n        if (mouse.y < this.y && this.y < canvas.height - this.size * 10) this.y += 5;\r\n        if (mouse.y > this.y && this.y > this.size * 10) this.y -= 5;\r\n      }\r\n      this.x += this.directionX; this.y += this.directionY; this.draw();\r\n    }\r\n  }\r\n\r\n  function init() {\r\n    particlesArray = []; let numberOfParticles = (canvas.height * canvas.width) \/ 9000;\r\n    for (let i = 0; i < numberOfParticles; i++) {\r\n      let size = (Math.random() * 2) + 1;\r\n      let x = (Math.random() * ((innerWidth - size * 2) - (size * 2)) + size * 2);\r\n      let y = (Math.random() * ((innerHeight - size * 2) - (size * 2)) + size * 2);\r\n      let directionX = (Math.random() * 0.4) - 0.2;\r\n      let directionY = (Math.random() * 0.4) - 0.2;\r\n      let color = '#8C98A7'; particlesArray.push(new Particle(x, y, directionX, directionY, size, color));\r\n    }\r\n  }\r\n\r\n  function animate() {\r\n    requestAnimationFrame(animate); ctx.clearRect(0, 0, innerWidth, innerHeight);\r\n    for (let i = 0; i < particlesArray.length; i++) particlesArray[i].update();\r\n    connect();\r\n  }\r\n\r\n  function connect() {\r\n    let opacityValue = 1;\r\n    for (let a = 0; a < particlesArray.length; a++) {\r\n      for (let b = a; b < particlesArray.length; b++) {\r\n        let distance = ((particlesArray[a].x - particlesArray[b].x) * (particlesArray[a].x - particlesArray[b].x)) +\r\n                       ((particlesArray[a].y - particlesArray[b].y) * (particlesArray[a].y - particlesArray[b].y));\r\n        if (distance < (canvas.width \/ 7) * (canvas.height \/ 7)) {\r\n          opacityValue = 1 - (distance \/ 20000);\r\n          ctx.strokeStyle = `rgba(120, 190, 255, ${opacityValue})`;\r\n          ctx.lineWidth = 1; ctx.beginPath(); ctx.moveTo(particlesArray[a].x, particlesArray[a].y);\r\n          ctx.lineTo(particlesArray[b].x, particlesArray[b].y); ctx.stroke();\r\n        }\r\n      }\r\n    }\r\n  }\r\n  \r\n  window.addEventListener('resize', () => {\r\n    canvas.width = innerWidth; canvas.height = innerHeight;\r\n    mouse.radius = (canvas.height \/ 120) * (canvas.width \/ 120); init();\r\n  });\r\n  \r\n  window.addEventListener('mouseout', () => {\r\n    mouse.x = undefined; mouse.y = undefined;\r\n  });\r\n\r\n  init(); animate();\r\n\r\n  \/\/ --- Script para el formulario y modal ---\r\n  const subscribeForm = document.getElementById('subscribe-form');\r\n  const confirmationModal = document.getElementById('confirmation-modal');\r\n  const modalCloseButton = document.getElementById('modal-close-button');\r\n\r\n  subscribeForm.addEventListener('submit', function(event) {\r\n    event.preventDefault();\r\n    const formData = new FormData(this);\r\n    fetch(this.action, { method: 'POST', body: formData, mode: 'no-cors' });\r\n    confirmationModal.style.display = 'flex';\r\n    this.reset();\r\n  });\r\n\r\n  function closeModal() { confirmationModal.style.display = 'none'; }\r\n  modalCloseButton.addEventListener('click', closeModal);\r\n  confirmationModal.addEventListener('click', function(event) {\r\n    if (event.target === this) closeModal();\r\n  });\r\n<\/script>\r\n\t\t\t\t<\/div>\n\t\t\t\t<\/div>\n\t\t\t\t\t<\/div>\n\t\t\t\t<\/div>\n\t\t\t\t<\/div>\n\t\t","protected":false},"excerpt":{"rendered":"<p>La plataforma para crear tu tienda online est\u00e1 llegando Construye, vende y crece. Sin complicaciones. Recibe acceso anticipado y beneficios exclusivos Solicitar Acceso \u00danete a nuestra lista de espera. Te notificaremos en cuanto estemos listos. Dise\u00f1ado por Agencia E-commerce | Purificadores de Agua | S\u00edguenos &times; \u00a1Est\u00e1s en la lista! Gracias por tu inter\u00e9s. Te [&hellip;]<\/p>\n","protected":false},"author":1,"featured_media":13,"parent":0,"menu_order":0,"comment_status":"closed","ping_status":"closed","template":"elementor_canvas","meta":{"footnotes":""},"class_list":["post-42","page","type-page","status-publish","has-post-thumbnail","hentry"],"yoast_head":"<!-- This site is optimized with the Yoast SEO plugin v27.5 - https:\/\/yoast.com\/product\/yoast-seo-wordpress\/ -->\n<title>Crear Tienda | \u00a1Crea tu Tienda Online Hoy!<\/title>\n<meta name=\"description\" content=\"Tu Tienda Online en pocos minutos con un solo click. Empieza a vender Hoy mismo. Crea tu Tienda Online Hoy.\" \/>\n<meta name=\"robots\" content=\"index, follow, max-snippet:-1, max-image-preview:large, max-video-preview:-1\" \/>\n<link rel=\"canonical\" href=\"https:\/\/crear.tienda\/\" \/>\n<meta property=\"og:locale\" content=\"es_ES\" \/>\n<meta property=\"og:type\" content=\"article\" \/>\n<meta property=\"og:title\" content=\"Crear Tienda | \u00a1Crea tu Tienda Online Hoy!\" \/>\n<meta property=\"og:description\" content=\"Tu Tienda Online en pocos minutos con un solo click. Empieza a vender Hoy mismo. Crea tu Tienda Online Hoy.\" \/>\n<meta property=\"og:url\" content=\"https:\/\/crear.tienda\/\" \/>\n<meta property=\"og:site_name\" content=\"Crear Tienda\" \/>\n<meta property=\"article:publisher\" content=\"https:\/\/www.facebook.com\/CrearTienda\" \/>\n<meta property=\"article:modified_time\" content=\"2025-11-27T02:33:15+00:00\" \/>\n<meta property=\"og:image\" content=\"https:\/\/crear.tienda\/wp-content\/uploads\/2024\/01\/300784169_203225685393945_2591769126331972931_n.png\" \/>\n\t<meta property=\"og:image:width\" content=\"600\" \/>\n\t<meta property=\"og:image:height\" content=\"600\" \/>\n\t<meta property=\"og:image:type\" content=\"image\/png\" \/>\n<meta name=\"twitter:card\" content=\"summary_large_image\" \/>\n<meta name=\"twitter:label1\" content=\"Tiempo de lectura\" \/>\n\t<meta name=\"twitter:data1\" content=\"1 minuto\" \/>\n<script type=\"application\/ld+json\" class=\"yoast-schema-graph\">{\"@context\":\"https:\\\/\\\/schema.org\",\"@graph\":[{\"@type\":\"WebPage\",\"@id\":\"https:\\\/\\\/crear.tienda\\\/\",\"url\":\"https:\\\/\\\/crear.tienda\\\/\",\"name\":\"Crear Tienda | \u00a1Crea tu Tienda Online Hoy!\",\"isPartOf\":{\"@id\":\"https:\\\/\\\/crear.tienda\\\/#website\"},\"primaryImageOfPage\":{\"@id\":\"https:\\\/\\\/crear.tienda\\\/#primaryimage\"},\"image\":{\"@id\":\"https:\\\/\\\/crear.tienda\\\/#primaryimage\"},\"thumbnailUrl\":\"https:\\\/\\\/crear.tienda\\\/wp-content\\\/uploads\\\/2024\\\/01\\\/300784169_203225685393945_2591769126331972931_n.png\",\"datePublished\":\"2025-06-09T01:38:32+00:00\",\"dateModified\":\"2025-11-27T02:33:15+00:00\",\"description\":\"Tu Tienda Online en pocos minutos con un solo click. Empieza a vender Hoy mismo. Crea tu Tienda Online Hoy.\",\"breadcrumb\":{\"@id\":\"https:\\\/\\\/crear.tienda\\\/#breadcrumb\"},\"inLanguage\":\"es\",\"potentialAction\":[{\"@type\":\"ReadAction\",\"target\":[\"https:\\\/\\\/crear.tienda\\\/\"]}]},{\"@type\":\"ImageObject\",\"inLanguage\":\"es\",\"@id\":\"https:\\\/\\\/crear.tienda\\\/#primaryimage\",\"url\":\"https:\\\/\\\/crear.tienda\\\/wp-content\\\/uploads\\\/2024\\\/01\\\/300784169_203225685393945_2591769126331972931_n.png\",\"contentUrl\":\"https:\\\/\\\/crear.tienda\\\/wp-content\\\/uploads\\\/2024\\\/01\\\/300784169_203225685393945_2591769126331972931_n.png\",\"width\":600,\"height\":600,\"caption\":\"Crear Tienda Online\"},{\"@type\":\"BreadcrumbList\",\"@id\":\"https:\\\/\\\/crear.tienda\\\/#breadcrumb\",\"itemListElement\":[{\"@type\":\"ListItem\",\"position\":1,\"name\":\"Portada\",\"item\":\"https:\\\/\\\/crear.tienda\\\/\"},{\"@type\":\"ListItem\",\"position\":2,\"name\":\"En Construcci\u00f3n\"}]},{\"@type\":\"WebSite\",\"@id\":\"https:\\\/\\\/crear.tienda\\\/#website\",\"url\":\"https:\\\/\\\/crear.tienda\\\/\",\"name\":\"Crear Tienda\",\"description\":\"\u00a1Crea tu Tienda Online Hoy!\",\"publisher\":{\"@id\":\"https:\\\/\\\/crear.tienda\\\/#organization\"},\"potentialAction\":[{\"@type\":\"SearchAction\",\"target\":{\"@type\":\"EntryPoint\",\"urlTemplate\":\"https:\\\/\\\/crear.tienda\\\/?s={search_term_string}\"},\"query-input\":{\"@type\":\"PropertyValueSpecification\",\"valueRequired\":true,\"valueName\":\"search_term_string\"}}],\"inLanguage\":\"es\"},{\"@type\":\"Organization\",\"@id\":\"https:\\\/\\\/crear.tienda\\\/#organization\",\"name\":\"Crear Tienda\",\"url\":\"https:\\\/\\\/crear.tienda\\\/\",\"logo\":{\"@type\":\"ImageObject\",\"inLanguage\":\"es\",\"@id\":\"https:\\\/\\\/crear.tienda\\\/#\\\/schema\\\/logo\\\/image\\\/\",\"url\":\"https:\\\/\\\/crear.tienda\\\/wp-content\\\/uploads\\\/2024\\\/01\\\/300784169_203225685393945_2591769126331972931_n.png\",\"contentUrl\":\"https:\\\/\\\/crear.tienda\\\/wp-content\\\/uploads\\\/2024\\\/01\\\/300784169_203225685393945_2591769126331972931_n.png\",\"width\":600,\"height\":600,\"caption\":\"Crear Tienda\"},\"image\":{\"@id\":\"https:\\\/\\\/crear.tienda\\\/#\\\/schema\\\/logo\\\/image\\\/\"},\"sameAs\":[\"https:\\\/\\\/www.facebook.com\\\/CrearTienda\"]}]}<\/script>\n<!-- \/ Yoast SEO plugin. -->","yoast_head_json":{"title":"Crear Tienda | \u00a1Crea tu Tienda Online Hoy!","description":"Tu Tienda Online en pocos minutos con un solo click. Empieza a vender Hoy mismo. Crea tu Tienda Online Hoy.","robots":{"index":"index","follow":"follow","max-snippet":"max-snippet:-1","max-image-preview":"max-image-preview:large","max-video-preview":"max-video-preview:-1"},"canonical":"https:\/\/crear.tienda\/","og_locale":"es_ES","og_type":"article","og_title":"Crear Tienda | \u00a1Crea tu Tienda Online Hoy!","og_description":"Tu Tienda Online en pocos minutos con un solo click. Empieza a vender Hoy mismo. Crea tu Tienda Online Hoy.","og_url":"https:\/\/crear.tienda\/","og_site_name":"Crear Tienda","article_publisher":"https:\/\/www.facebook.com\/CrearTienda","article_modified_time":"2025-11-27T02:33:15+00:00","og_image":[{"width":600,"height":600,"url":"https:\/\/crear.tienda\/wp-content\/uploads\/2024\/01\/300784169_203225685393945_2591769126331972931_n.png","type":"image\/png"}],"twitter_card":"summary_large_image","twitter_misc":{"Tiempo de lectura":"1 minuto"},"schema":{"@context":"https:\/\/schema.org","@graph":[{"@type":"WebPage","@id":"https:\/\/crear.tienda\/","url":"https:\/\/crear.tienda\/","name":"Crear Tienda | \u00a1Crea tu Tienda Online Hoy!","isPartOf":{"@id":"https:\/\/crear.tienda\/#website"},"primaryImageOfPage":{"@id":"https:\/\/crear.tienda\/#primaryimage"},"image":{"@id":"https:\/\/crear.tienda\/#primaryimage"},"thumbnailUrl":"https:\/\/crear.tienda\/wp-content\/uploads\/2024\/01\/300784169_203225685393945_2591769126331972931_n.png","datePublished":"2025-06-09T01:38:32+00:00","dateModified":"2025-11-27T02:33:15+00:00","description":"Tu Tienda Online en pocos minutos con un solo click. Empieza a vender Hoy mismo. Crea tu Tienda Online Hoy.","breadcrumb":{"@id":"https:\/\/crear.tienda\/#breadcrumb"},"inLanguage":"es","potentialAction":[{"@type":"ReadAction","target":["https:\/\/crear.tienda\/"]}]},{"@type":"ImageObject","inLanguage":"es","@id":"https:\/\/crear.tienda\/#primaryimage","url":"https:\/\/crear.tienda\/wp-content\/uploads\/2024\/01\/300784169_203225685393945_2591769126331972931_n.png","contentUrl":"https:\/\/crear.tienda\/wp-content\/uploads\/2024\/01\/300784169_203225685393945_2591769126331972931_n.png","width":600,"height":600,"caption":"Crear Tienda Online"},{"@type":"BreadcrumbList","@id":"https:\/\/crear.tienda\/#breadcrumb","itemListElement":[{"@type":"ListItem","position":1,"name":"Portada","item":"https:\/\/crear.tienda\/"},{"@type":"ListItem","position":2,"name":"En Construcci\u00f3n"}]},{"@type":"WebSite","@id":"https:\/\/crear.tienda\/#website","url":"https:\/\/crear.tienda\/","name":"Crear Tienda","description":"\u00a1Crea tu Tienda Online Hoy!","publisher":{"@id":"https:\/\/crear.tienda\/#organization"},"potentialAction":[{"@type":"SearchAction","target":{"@type":"EntryPoint","urlTemplate":"https:\/\/crear.tienda\/?s={search_term_string}"},"query-input":{"@type":"PropertyValueSpecification","valueRequired":true,"valueName":"search_term_string"}}],"inLanguage":"es"},{"@type":"Organization","@id":"https:\/\/crear.tienda\/#organization","name":"Crear Tienda","url":"https:\/\/crear.tienda\/","logo":{"@type":"ImageObject","inLanguage":"es","@id":"https:\/\/crear.tienda\/#\/schema\/logo\/image\/","url":"https:\/\/crear.tienda\/wp-content\/uploads\/2024\/01\/300784169_203225685393945_2591769126331972931_n.png","contentUrl":"https:\/\/crear.tienda\/wp-content\/uploads\/2024\/01\/300784169_203225685393945_2591769126331972931_n.png","width":600,"height":600,"caption":"Crear Tienda"},"image":{"@id":"https:\/\/crear.tienda\/#\/schema\/logo\/image\/"},"sameAs":["https:\/\/www.facebook.com\/CrearTienda"]}]}},"_links":{"self":[{"href":"https:\/\/crear.tienda\/index.php\/wp-json\/wp\/v2\/pages\/42","targetHints":{"allow":["GET"]}}],"collection":[{"href":"https:\/\/crear.tienda\/index.php\/wp-json\/wp\/v2\/pages"}],"about":[{"href":"https:\/\/crear.tienda\/index.php\/wp-json\/wp\/v2\/types\/page"}],"author":[{"embeddable":true,"href":"https:\/\/crear.tienda\/index.php\/wp-json\/wp\/v2\/users\/1"}],"replies":[{"embeddable":true,"href":"https:\/\/crear.tienda\/index.php\/wp-json\/wp\/v2\/comments?post=42"}],"version-history":[{"count":11,"href":"https:\/\/crear.tienda\/index.php\/wp-json\/wp\/v2\/pages\/42\/revisions"}],"predecessor-version":[{"id":56,"href":"https:\/\/crear.tienda\/index.php\/wp-json\/wp\/v2\/pages\/42\/revisions\/56"}],"wp:featuredmedia":[{"embeddable":true,"href":"https:\/\/crear.tienda\/index.php\/wp-json\/wp\/v2\/media\/13"}],"wp:attachment":[{"href":"https:\/\/crear.tienda\/index.php\/wp-json\/wp\/v2\/media?parent=42"}],"curies":[{"name":"wp","href":"https:\/\/api.w.org\/{rel}","templated":true}]}}